{"id":3001,"date":"2020-08-31T01:50:06","date_gmt":"2020-08-31T01:50:06","guid":{"rendered":"https:\/\/kazoja.si\/?page_id=3001"},"modified":"2020-08-31T04:18:07","modified_gmt":"2020-08-31T04:18:07","slug":"ecta","status":"publish","type":"page","link":"https:\/\/kazoja.si\/pl\/ecta\/","title":{"rendered":"Ecta"},"content":{"rendered":"<div class=\"wpb-content-wrapper\"><div class=\"vc_row wpb_row vc_row-fluid\"><div class=\"wpb_column vc_column_container vc_col-sm-12\"><div class=\"vc_column-inner\"><div class=\"wpb_wrapper\">\n\t<div class=\"wpb_raw_code wpb_raw_html wpb_content_element\" >\n\t\t<div class=\"wpb_wrapper\">\n\t\t\t<div class=\"ecta\">\n\t\t\t<div id=\"blog\" class=\"section wb\">\n\t\t\t\t\n\t\t\t\t\t<div class=\"section-title text-center\">\n\t\t\t\t\t\t<h3>PROJEKT \u201eECTA BLOCKCHAIN PORTAL DLA DOSTAWC\u00d3W I KLIENT\u00d3W\u201d OTRZYMUJE WSP\u00d3\u0141FINANSOWANIE UE<\/h3>\n\t\t\t\t\t\t<\/div><!-- end title -->\n\n\t\t\t\t\t\t\n\t\t\n\t\t\t\t\t   <div <p style=\"text-align:left;\">We wsp\u00f3\u0142pracy z naszymi partnerami otrzymali\u015bmy dofinansowanie z UE na rozw\u00f3j projektu \u201eECTA Blockchain Portal dla Dostawc\u00f3w i Klient\u00f3w\u201d. Projekt opiera si\u0119 na oprogramowaniu open source, technologii blockchain i systemach AI. Technologia Blockchain zapewnia identyfikowalno\u015b\u0107, przejrzysto\u015b\u0107, prostot\u0119 i sprawiedliwo\u015b\u0107. G\u0142\u00f3wn\u0105 ide\u0105 projektu jest po\u0142\u0105czenie ludzi oferuj\u0105cych swoje umiej\u0119tno\u015bci (dostawc\u00f3w) oraz os\u00f3b, kt\u00f3re chc\u0105 je wykorzysta\u0107 (klient\u00f3w) w spos\u00f3b efektywny i sprawiedliwy. Projekt \u0142\u0105czy kilka obszar\u00f3w, kt\u00f3re wcze\u015bniej nie by\u0142y ze sob\u0105 po\u0142\u0105czone: obszar zasob\u00f3w ludzkich, obszar technologii umo\u017cliwiaj\u0105cych blockchain oraz sztuczn\u0105 inteligencj\u0119. Dzia\u0142aj\u0105cy w ten spos\u00f3b ekosystem ECTA reprezentuje us\u0142ug\u0119, kt\u00f3ra jest wsp\u00f3lnym mianownikiem portali spo\u0142eczno\u015bciowych dla profesjonalist\u00f3w (np.LinkedIn), portali internetowych dla freelancer\u00f3w (np.Fiverr), agencji pracy, notariuszy i prawnik\u00f3w oraz s\u0105d\u00f3w. ECTA u\u0142atwi weryfikacj\u0119 wi\u0119kszo\u015bci informacji poprzez blockchain. Dzi\u0119ki ECTA CV odejd\u0105 w przesz\u0142o\u015b\u0107: certyfikaty, stopnie, historia pracy, projekty i inne do\u015bwiadczenia b\u0119d\u0105 \u0142atwe do zweryfikowania i wyeksponowane osobom bezpo\u015brednio po\u0142\u0105czonym (potencjalnym pracodawcom, klientom, innym kupuj\u0105cym). Wszystkie wy\u017cej wymienione dane dotycz\u0105ce osoby (certyfikaty, wykszta\u0142cenie, stopnie, historia pracy, projekty, do\u015bwiadczenia) zostan\u0105 wprowadzone i \/ lub potwierdzone przez blockchainy, co umo\u017cliwi ustanowienie \u015bcie\u017cki audytu. W praktyce oznacza to, \u017ce do ka\u017cdego szkolenia, referencji itp. Zostanie wydany niezamienialny token (umiej\u0119tno\u015b\u0107 ECTA), w przeciwie\u0144stwie do wymiennych (takich jak bitcoiny), nie b\u0119dzie mo\u017cliwa wymiana lub zmiana wspomnianych token\u00f3w niewymienialnych, kt\u00f3re b\u0119d\u0105 r\u00f3wnie\u017c identyfikowalne i przejrzyste. Dzi\u0119ki technologii blockchain b\u0119dziemy r\u00f3wnie\u017c zapobiega\u0107 fa\u0142szywym wpisom danych i odniesieniom. Rozw\u00f3j ten stanowi nowy rozdzia\u0142 w dziedzinie rozwoju rynku blockchain.<\/p> <br> <br>\n\t\t\n\t\tInwestycja jest wsp\u00f3\u0142finansowana przez Republik\u0119 S\u0142owenii i UE ze \u015brodk\u00f3w Europejskiego Funduszu Rozwoju Regionalnego. <br> <br>\n\t\t\n\t\tCel inwestycji: Efektem projektu b\u0119dzie zademonstrowanie dzia\u0142ania opartego na chmurze projektu ECTA, \u0142\u0105cz\u0105cego dostawc\u00f3w pracy tymczasowej z potrzebuj\u0105cymi ich us\u0142ug klientami w bezpieczny spos\u00f3b, z jednej strony z wykorzystaniem algorytm\u00f3w AI i token\u00f3w ECTA PAY oraz z drugiej strony \u017cetony ECTA SKILLS.<br> <br>\n\t\t\n\t\tPartnerzy projektu: PRO-BIT d.o.o., QUAMA d.o.o., MINICOM d.o.o., KAZOJA d.o.o., STROKA d.o.o.<br> <br>\n\t\t\n\t\tKwota dofinansowania: EUR 1,468,638.93<br> <br>\n\t\t\n\t\tWi\u0119cej informacji na temat polityki sp\u00f3jno\u015bci w S\u0142owenii mo\u017cna znale\u017a\u0107 pod adresem www.eu-skladi.si.<\/p>\n\t\t\t\t\t<\/div><!-- end title -->\n\n\t\t\t\t\n\t\t\t\t\t\n\t\t\t\t\t\n\t\t\t\t\t\n\t\t\t\t<\/div>\n\t\t\t<\/div>\n\t\t<\/div>\n\t<\/div>\n<\/div><\/div><\/div><\/div><div class=\"vc_row wpb_row vc_row-fluid\"><div class=\"wpb_column vc_column_container vc_col-sm-4\"><div class=\"vc_column-inner\"><div class=\"wpb_wrapper\">\n\t<div  class=\"wpb_single_image wpb_content_element vc_align_center\">\n\t\t\n\t\t<figure class=\"wpb_wrapper vc_figure\">\n\t\t\t<a href=\"https:\/\/www.spiritslovenia.si\/\" target=\"_self\"  class=\"vc_single_image-wrapper   vc_box_border_grey rollover\"   ><img loading=\"lazy\" decoding=\"async\" width=\"300\" height=\"146\" src=\"https:\/\/kazoja.si\/wp-content\/uploads\/2020\/08\/spiritlogo.png\" class=\"vc_single_image-img attachment-full\" alt=\"\" title=\"spiritlogo\"  data-dt-location=\"https:\/\/kazoja.si\/pl\/spiritlogo\/\" \/><\/a>\n\t\t<\/figure>\n\t<\/div>\n<\/div><\/div><\/div><div class=\"wpb_column vc_column_container vc_col-sm-4\"><div class=\"vc_column-inner\"><div class=\"wpb_wrapper\">\n\t<div  class=\"wpb_single_image wpb_content_element vc_align_center\">\n\t\t\n\t\t<figure class=\"wpb_wrapper vc_figure\">\n\t\t\t<a href=\"https:\/\/www.eu-skladi.si\/\" target=\"_self\"  class=\"vc_single_image-wrapper   vc_box_border_grey rollover\"   ><img loading=\"lazy\" decoding=\"async\" width=\"186\" height=\"255\" src=\"https:\/\/kazoja.si\/wp-content\/uploads\/2020\/08\/logo2.png\" class=\"vc_single_image-img attachment-full\" alt=\"\" title=\"logo2\"  data-dt-location=\"https:\/\/kazoja.si\/pl\/logo2\/\" \/><\/a>\n\t\t<\/figure>\n\t<\/div>\n<\/div><\/div><\/div><div class=\"wpb_column vc_column_container vc_col-sm-4\"><div class=\"vc_column-inner\"><div class=\"wpb_wrapper\">\n\t<div  class=\"wpb_single_image wpb_content_element vc_align_center\">\n\t\t\n\t\t<figure class=\"wpb_wrapper vc_figure\">\n\t\t\t<a href=\"https:\/\/www.gov.si\/drzavni-organi\/ministrstva\/ministrstvo-za-gospodarski-razvoj-in-tehnologijo\/\" target=\"_self\"  class=\"vc_single_image-wrapper   vc_box_border_grey rollover\"   ><img loading=\"lazy\" decoding=\"async\" width=\"300\" height=\"82\" src=\"https:\/\/kazoja.si\/wp-content\/uploads\/2020\/08\/republikaslovenijalogo.png\" class=\"vc_single_image-img attachment-full\" alt=\"\" title=\"republikaslovenijalogo\"  data-dt-location=\"https:\/\/kazoja.si\/pl\/republikaslovenijalogo\/\" \/><\/a>\n\t\t<\/figure>\n\t<\/div>\n<\/div><\/div><\/div><\/div>\n<\/div>","protected":false},"excerpt":{"rendered":"<p>PROJEKT \u201eECTA BLOCKCHAIN PORTAL DLA DOSTAWC\u00d3W I KLIENT\u00d3W\u201d OTRZYMUJE WSP\u00d3\u0141FINANSOWANIE UE<\/p>","protected":false},"author":1,"featured_media":0,"parent":0,"menu_order":0,"comment_status":"closed","ping_status":"closed","template":"","meta":{"footnotes":""},"class_list":["post-3001","page","type-page","status-publish","hentry","description-off"],"yoast_head":"<!-- This site is optimized with the Yoast SEO plugin v27.1.1 - https:\/\/yoast.com\/product\/yoast-seo-wordpress\/ -->\n<title>Ecta | Kazoja<\/title>\n<meta name=\"robots\" content=\"index, follow, max-snippet:-1, max-image-preview:large, max-video-preview:-1\" \/>\n<link rel=\"canonical\" href=\"https:\/\/kazoja.si\/pl\/ecta\/\" \/>\n<meta property=\"og:locale\" content=\"pl_PL\" \/>\n<meta property=\"og:type\" content=\"article\" \/>\n<meta property=\"og:title\" content=\"Ecta | Kazoja\" \/>\n<meta property=\"og:url\" content=\"https:\/\/kazoja.si\/pl\/ecta\/\" \/>\n<meta property=\"og:site_name\" content=\"Kazoja\" \/>\n<meta property=\"article:modified_time\" content=\"2020-08-31T04:18:07+00:00\" \/>\n<meta name=\"twitter:card\" content=\"summary_large_image\" \/>\n<meta name=\"twitter:label1\" content=\"Szacowany czas czytania\" \/>\n\t<meta name=\"twitter:data1\" content=\"3 minuty\" \/>\n<script type=\"application\/ld+json\" class=\"yoast-schema-graph\">{\"@context\":\"https:\/\/schema.org\",\"@graph\":[{\"@type\":\"WebPage\",\"@id\":\"https:\/\/kazoja.si\/ecta\/\",\"url\":\"https:\/\/kazoja.si\/ecta\/\",\"name\":\"Ecta | Kazoja\",\"isPartOf\":{\"@id\":\"https:\/\/kazoja.si\/#website\"},\"datePublished\":\"2020-08-31T01:50:06+00:00\",\"dateModified\":\"2020-08-31T04:18:07+00:00\",\"breadcrumb\":{\"@id\":\"https:\/\/kazoja.si\/ecta\/#breadcrumb\"},\"inLanguage\":\"pl-PL\",\"potentialAction\":[{\"@type\":\"ReadAction\",\"target\":[\"https:\/\/kazoja.si\/ecta\/\"]}]},{\"@type\":\"BreadcrumbList\",\"@id\":\"https:\/\/kazoja.si\/ecta\/#breadcrumb\",\"itemListElement\":[{\"@type\":\"ListItem\",\"position\":1,\"name\":\"Home\",\"item\":\"https:\/\/kazoja.si\/\"},{\"@type\":\"ListItem\",\"position\":2,\"name\":\"Ecta\"}]},{\"@type\":\"WebSite\",\"@id\":\"https:\/\/kazoja.si\/#website\",\"url\":\"https:\/\/kazoja.si\/\",\"name\":\"Kazoja\",\"description\":\"Izdelava vertikalnih programskih re\u0161itev\",\"publisher\":{\"@id\":\"https:\/\/kazoja.si\/#organization\"},\"alternateName\":\"Izdelava vertikalnih programskih re\u0161itev\",\"potentialAction\":[{\"@type\":\"SearchAction\",\"target\":{\"@type\":\"EntryPoint\",\"urlTemplate\":\"https:\/\/kazoja.si\/?s={search_term_string}\"},\"query-input\":{\"@type\":\"PropertyValueSpecification\",\"valueRequired\":true,\"valueName\":\"search_term_string\"}}],\"inLanguage\":\"pl-PL\"},{\"@type\":\"Organization\",\"@id\":\"https:\/\/kazoja.si\/#organization\",\"name\":\"Kazoja\",\"url\":\"https:\/\/kazoja.si\/\",\"logo\":{\"@type\":\"ImageObject\",\"inLanguage\":\"pl-PL\",\"@id\":\"https:\/\/kazoja.si\/#\/schema\/logo\/image\/\",\"url\":\"https:\/\/kazoja.si\/wp-content\/uploads\/2021\/03\/Kazoja-Logo-Colour-Png.png\",\"contentUrl\":\"https:\/\/kazoja.si\/wp-content\/uploads\/2021\/03\/Kazoja-Logo-Colour-Png.png\",\"width\":1204,\"height\":283,\"caption\":\"Kazoja\"},\"image\":{\"@id\":\"https:\/\/kazoja.si\/#\/schema\/logo\/image\/\"}}]}<\/script>\n<!-- \/ Yoast SEO plugin. -->","yoast_head_json":{"title":"Ecta | Kazoja","robots":{"index":"index","follow":"follow","max-snippet":"max-snippet:-1","max-image-preview":"max-image-preview:large","max-video-preview":"max-video-preview:-1"},"canonical":"https:\/\/kazoja.si\/pl\/ecta\/","og_locale":"pl_PL","og_type":"article","og_title":"Ecta | Kazoja","og_url":"https:\/\/kazoja.si\/pl\/ecta\/","og_site_name":"Kazoja","article_modified_time":"2020-08-31T04:18:07+00:00","twitter_card":"summary_large_image","twitter_misc":{"Szacowany czas czytania":"3 minuty"},"schema":{"@context":"https:\/\/schema.org","@graph":[{"@type":"WebPage","@id":"https:\/\/kazoja.si\/ecta\/","url":"https:\/\/kazoja.si\/ecta\/","name":"Ecta | Kazoja","isPartOf":{"@id":"https:\/\/kazoja.si\/#website"},"datePublished":"2020-08-31T01:50:06+00:00","dateModified":"2020-08-31T04:18:07+00:00","breadcrumb":{"@id":"https:\/\/kazoja.si\/ecta\/#breadcrumb"},"inLanguage":"pl-PL","potentialAction":[{"@type":"ReadAction","target":["https:\/\/kazoja.si\/ecta\/"]}]},{"@type":"BreadcrumbList","@id":"https:\/\/kazoja.si\/ecta\/#breadcrumb","itemListElement":[{"@type":"ListItem","position":1,"name":"Home","item":"https:\/\/kazoja.si\/"},{"@type":"ListItem","position":2,"name":"Ecta"}]},{"@type":"WebSite","@id":"https:\/\/kazoja.si\/#website","url":"https:\/\/kazoja.si\/","name":"Kazoja","description":"Tworzenie pionowych rozwi\u0105za\u0144 programowych","publisher":{"@id":"https:\/\/kazoja.si\/#organization"},"alternateName":"Izdelava vertikalnih programskih re\u0161itev","potentialAction":[{"@type":"SearchAction","target":{"@type":"EntryPoint","urlTemplate":"https:\/\/kazoja.si\/?s={search_term_string}"},"query-input":{"@type":"PropertyValueSpecification","valueRequired":true,"valueName":"search_term_string"}}],"inLanguage":"pl-PL"},{"@type":"Organization","@id":"https:\/\/kazoja.si\/#organization","name":"Kazoja","url":"https:\/\/kazoja.si\/","logo":{"@type":"ImageObject","inLanguage":"pl-PL","@id":"https:\/\/kazoja.si\/#\/schema\/logo\/image\/","url":"https:\/\/kazoja.si\/wp-content\/uploads\/2021\/03\/Kazoja-Logo-Colour-Png.png","contentUrl":"https:\/\/kazoja.si\/wp-content\/uploads\/2021\/03\/Kazoja-Logo-Colour-Png.png","width":1204,"height":283,"caption":"Kazoja"},"image":{"@id":"https:\/\/kazoja.si\/#\/schema\/logo\/image\/"}}]}},"_links":{"self":[{"href":"https:\/\/kazoja.si\/pl\/wp-json\/wp\/v2\/pages\/3001","targetHints":{"allow":["GET"]}}],"collection":[{"href":"https:\/\/kazoja.si\/pl\/wp-json\/wp\/v2\/pages"}],"about":[{"href":"https:\/\/kazoja.si\/pl\/wp-json\/wp\/v2\/types\/page"}],"author":[{"embeddable":true,"href":"https:\/\/kazoja.si\/pl\/wp-json\/wp\/v2\/users\/1"}],"replies":[{"embeddable":true,"href":"https:\/\/kazoja.si\/pl\/wp-json\/wp\/v2\/comments?post=3001"}],"version-history":[{"count":5,"href":"https:\/\/kazoja.si\/pl\/wp-json\/wp\/v2\/pages\/3001\/revisions"}],"predecessor-version":[{"id":3019,"href":"https:\/\/kazoja.si\/pl\/wp-json\/wp\/v2\/pages\/3001\/revisions\/3019"}],"wp:attachment":[{"href":"https:\/\/kazoja.si\/pl\/wp-json\/wp\/v2\/media?parent=3001"}],"curies":[{"name":"wp","href":"https:\/\/api.w.org\/{rel}","templated":true}]}}