{"id":3032,"date":"2020-08-31T04:52:17","date_gmt":"2020-08-31T04:52:17","guid":{"rendered":"https:\/\/kazoja.si\/?page_id=3032"},"modified":"2020-08-31T09:59:31","modified_gmt":"2020-08-31T09:59:31","slug":"pomoc-na-domu","status":"publish","type":"page","link":"https:\/\/kazoja.si\/pl\/pomoc-na-domu\/","title":{"rendered":"Pomoc domowa"},"content":{"rendered":"<div class=\"wpb-content-wrapper\"><div class=\"vc_row wpb_row vc_row-fluid vc_custom_1580036981639 vc_row-o-equal-height vc_row-o-content-middle vc_row-flex\"><div class=\"wpb_column vc_column_container vc_col-sm-12 vc_col-lg-6 vc_col-md-6 vc_col-xs-12\"><div class=\"vc_column-inner vc_custom_1578766085608\"><div class=\"wpb_wrapper\"><style type=\"text\/css\" data-type=\"the7_shortcodes-inline-css\">.shortcode-single-image-wrap.shortcode-single-image-4a4ed8f9b29a1863b8d3101bad6764f8.enable-bg-rollover .rollover i,\n.shortcode-single-image-wrap.shortcode-single-image-4a4ed8f9b29a1863b8d3101bad6764f8.enable-bg-rollover .rollover-video i {\n  background: -webkit-linear-gradient();\n  background: linear-gradient();\n}\n.shortcode-single-image-wrap.shortcode-single-image-4a4ed8f9b29a1863b8d3101bad6764f8 .rollover-icon {\n  font-size: 32px;\n  color: #ffffff;\n  min-width: 44px;\n  min-height: 44px;\n  line-height: 44px;\n  border-radius: 100px;\n  border-style: solid;\n  border-width: 0px;\n}\n.dt-icon-bg-on.shortcode-single-image-wrap.shortcode-single-image-4a4ed8f9b29a1863b8d3101bad6764f8 .rollover-icon {\n  background: rgba(255,255,255,0.3);\n  box-shadow: none;\n}<\/style><div class=\"shortcode-single-image-wrap shortcode-single-image-4a4ed8f9b29a1863b8d3101bad6764f8 alignnone  enable-bg-rollover dt-icon-bg-off\" style=\"margin-top:0px; margin-bottom:0px; margin-left:0px; margin-right:0px; width:1200px;\"><div class=\"shortcode-single-image\"><div class=\"fancy-media-wrap\" style=\"\"><a href=\"\/pl\/wpbakery-starter\/service-single-page\/\" class=\"layzr-bg rollover\" style=\"\" aria-label=\"Image\"><img fetchpriority=\"high\" decoding=\"async\" class=\"preload-me lazy-load aspect\" src=\"data:image\/svg+xml,%3Csvg%20xmlns%3D&#39;http%3A%2F%2Fwww.w3.org%2F2000%2Fsvg&#39;%20viewBox%3D&#39;0%200%201200%20900&#39;%2F%3E\" data-src=\"https:\/\/kazoja.si\/wp-content\/uploads\/2020\/08\/eberhard-grossgasteiger-iIFLDQmXPiw-unsplash-scaled-1200x900.jpg\" data-srcset=\"https:\/\/kazoja.si\/wp-content\/uploads\/2020\/08\/eberhard-grossgasteiger-iIFLDQmXPiw-unsplash-scaled-1200x900.jpg 1200w, https:\/\/kazoja.si\/wp-content\/uploads\/2020\/08\/eberhard-grossgasteiger-iIFLDQmXPiw-unsplash-scaled-2276x1707.jpg 2276w\" loading=\"eager\" style=\"--ratio: 1200 \/ 900\" sizes=\"(max-width: 1200px) 100vw, 1200px\" width=\"1200\" height=\"900\"  data-dt-location=\"https:\/\/kazoja.si\/pl\/pomoc-na-domu\/eberhard-grossgasteiger-iifldqmxpiw-unsplash\/\" alt=\"\" \/><\/a><\/div><\/div><\/div><\/div><\/div><\/div><div class=\"wpb_column vc_column_container vc_col-sm-12 vc_col-lg-6 vc_col-md-6 vc_col-xs-12\"><div class=\"vc_column-inner vc_custom_1580036724999\"><div class=\"wpb_wrapper\"><div id=\"ultimate-heading-976069faf96b63b8b\" class=\"uvc-heading ult-adjust-bottom-margin ultimate-heading-976069faf96b63b8b uvc-3416 accent-border-color\" data-hspacer=\"line_only\"  data-halign=\"left\" style=\"text-align:left\"><div class=\"uvc-main-heading ult-responsive\"  data-ultimate-target='.uvc-heading.ultimate-heading-976069faf96b63b8b h2'  data-responsive-json-new='{\"font-size\":\"mobile_landscape:24px;\",\"line-height\":\"mobile_landscape:34px;\"}' ><h2 style=\"--font-weight:theme;margin-bottom:15px;\">Pomoc domowa<\/h2><\/div><div class=\"uvc-heading-spacer line_only\" style=\"margin-bottom:30px;height:3px;\"><span class=\"uvc-headings-line\" style=\"border-style:solid;border-bottom-width:3px;border-color:;width:150px;\"><\/span><\/div><\/div>\n\t<div class=\"wpb_text_column wpb_content_element  vc_custom_1598849723184\" >\n\t\t<div class=\"wpb_wrapper\">\n\t\t\t<p><strong>Opis programu<\/strong><\/p>\n<p>Program \u201ePomoc domowa PRO.4\u201d to prosty i \u0142atwy w obs\u0142udze system komputerowy s\u0142u\u017c\u0105cy do ewidencjonowania uczestnik\u00f3w systemu pomocy domowej oraz wykonywanych us\u0142ug poprzez przygotowanie kalkulacji i drukowanie faktur. Program jest przeznaczony do zarz\u0105dzania, planowania i rejestrowania us\u0142ug wykonywanych dla ka\u017cdego indywidualnego uczestnika systemu pomocy domowej. Mo\u017ce by\u0107 pomy\u015blany jako aplikacja mobilna lub aplikacja w chmurze. Program jest skierowany do dostawc\u00f3w us\u0142ug pomocy domowej i pozwala na znaczn\u0105 oszcz\u0119dno\u015b\u0107 czasu, poniewa\u017c wszystkie informacje s\u0105 zawarte w jednym miejscu. Dane wej\u015bciowe s\u0105 zharmonizowane, kiedy uczestnik jest rejestrowany, kiedy wprowadzane s\u0105 wizyty i kiedy \u015bwiadczone s\u0105 us\u0142ugi. W okresach miesi\u0119cznych obok nowo zaakceptowanych uczestnik\u00f3w rejestrowane s\u0105 tylko wykonane us\u0142ugi.<\/p>\n<p><strong>Zastosowanie (zalety):<\/strong><\/p>\n<p>Aplikacja s\u0142u\u017cy do wprowadzania zg\u0142osze\u0144 rekrutacyjnych, przyj\u0119\u0107 uczestnik\u00f3w oraz wykonywanych us\u0142ug. Na podstawie wykonanych us\u0142ug sporz\u0105dzana jest kalkulacja za aktywny okres rozliczeniowy oraz mo\u017cliwo\u015b\u0107 drukowania faktur i innych raport\u00f3w. Aplikacja mobilna pozwoli pracownikowi socjalnemu przybycia do miejsca docelowego u\u017cytkownika. Dla ka\u017cdego pracownika socjalnego zostanie wcze\u015bniej przygotowany plan pracy. Dzi\u0119ki aplikacji mobilnej r\u00f3wnie\u017c mo\u017cna \u015bledzi\u0107 aktualne po\u0142o\u017cenie ka\u017cdego pracownika socjalnego oraz sprawdzi\u0107, kiedy dok\u0142adnie danego mieszka\u0144ca odwiedzi\u0142.<\/p>\n\n\t\t<\/div>\n\t<\/div>\n<\/div><\/div><\/div><\/div><div class=\"vc_row wpb_row vc_row-fluid vc_custom_1580055108207 vc_row-o-equal-height vc_row-o-content-middle vc_row-flex\"><div class=\"wpb_column vc_column_container vc_col-sm-6 vc_col-lg-4 vc_col-md-5\"><div class=\"vc_column-inner vc_custom_1580038658810\"><div class=\"wpb_wrapper\"><style type=\"text\/css\" data-type=\"the7_shortcodes-inline-css\">#default-btn-b1f9f083778bf57005093a526d71b33f {\n  border-radius: 0px;\n  font-size: 20px;\n  line-height: 22px;\n}\n.btn-shadow#default-btn-b1f9f083778bf57005093a526d71b33f {\n  box-shadow: 0 1px 6px rgba(0,0,0,0.12);\n  transition: box-shadow 0.2s ease-out, opacity 0.45s;\n}\n.btn-shadow#default-btn-b1f9f083778bf57005093a526d71b33f:hover {\n  box-shadow: 0 5px 11px 0 rgba(0,0,0,0.18), 0 4px 15px 0 rgba(0,0,0,0.15);\n}\n.btn-3d#default-btn-b1f9f083778bf57005093a526d71b33f:hover {\n  box-shadow: 0px 2px 0px 0px #642b9f;\n}\n.btn-flat#default-btn-b1f9f083778bf57005093a526d71b33f {\n  box-shadow: none;\n}\n.btn-flat#default-btn-b1f9f083778bf57005093a526d71b33f:hover {\n  box-shadow: none;\n}\n#default-btn-b1f9f083778bf57005093a526d71b33f.ico-right-side > i {\n  margin-right: 0px;\n  margin-left: 15px;\n}\n#default-btn-b1f9f083778bf57005093a526d71b33f > i {\n  margin-right: 15px;\n  font-size: 24px;\n}\n#default-btn-b1f9f083778bf57005093a526d71b33f:not(:hover) {\n  border-width: 3px;\n  border-color: #8224e3 !important;\n  color: #8224e3;\n  background: none !important;\n  padding: 18px 10px 18px 10px;\n}\n#default-btn-b1f9f083778bf57005093a526d71b33f:not(:hover) * {\n  color: #8224e3;\n}\n#default-btn-b1f9f083778bf57005093a526d71b33f:hover {\n  border-width: 0px;\n  color: #ffffff;\n  background: #8224e3 !important;\n  padding: 21px 13px 21px 13px;\n}\n#default-btn-b1f9f083778bf57005093a526d71b33f:hover * {\n  color: #ffffff;\n}\n#default-btn-b1f9f083778bf57005093a526d71b33f.ico-right-side > i {\n  margin-right: 0px;\n  margin-left: 15px;\n}\n#default-btn-b1f9f083778bf57005093a526d71b33f > i {\n  margin-right: 15px;\n}<\/style><div class=\"btn-align-center\"><a href=\"https:\/\/kazoja.si\/pl\/kontaktirajte-nas\/\" class=\"default-btn-shortcode dt-btn link-hover-off ico-right-side full-width-btn btn-flat\" id=\"default-btn-b1f9f083778bf57005093a526d71b33f\" title=\"Skontaktuj si\u0119 z nami\"><span>Skontaktuj si\u0119 z nami<\/span><i class=\"fas fa-comments-dollar\"><\/i><\/a><\/div><\/div><\/div><\/div><\/div><!-- Row Backgrounds --><div class=\"upb_color\" data-bg-override=\"full\" data-bg-color=\"#f5f5f5\" data-fadeout=\"\" data-fadeout-percentage=\"30\" data-parallax-content=\"\" data-parallax-content-sense=\"30\" data-row-effect-mobile-disable=\"true\" data-img-parallax-mobile-disable=\"true\" data-rtl=\"false\"  data-custom-vc-row=\"\"  data-vc=\"8.7.2\"  data-is_old_vc=\"\"  data-theme-support=\"\"   data-overlay=\"false\" data-overlay-color=\"\" data-overlay-pattern=\"\" data-overlay-pattern-opacity=\"\" data-overlay-pattern-size=\"\"    ><\/div>\n<\/div>","protected":false},"excerpt":{"rendered":"<p>Pomo\u010d na domu Namen Program Pro.4 Pomo\u010d na domu je preprost in enostaven ra\u010dunalni\u0161ki program za evidentiranje udele\u017eencev pomo\u010di na domu, opravljenih storitev z izvedbo obra\u010duna in tiskanja faktur. Namenjen je vodenju, planiranju in evidentiranju evidence opravljenih storitev za posameznega udele\u017eenca pomo\u010di na domu. Nastopa lahko kot mobilna aplikacija oziroma aplikacija v oblaku. Namenjen je&hellip;<\/p>","protected":false},"author":1,"featured_media":0,"parent":0,"menu_order":0,"comment_status":"closed","ping_status":"closed","template":"","meta":{"footnotes":""},"class_list":["post-3032","page","type-page","status-publish","hentry","description-off"],"yoast_head":"<!-- This site is optimized with the Yoast SEO plugin v27.1.1 - https:\/\/yoast.com\/product\/yoast-seo-wordpress\/ -->\n<title>Pomo\u010d na domu | Kazoja<\/title>\n<meta name=\"robots\" content=\"index, follow, max-snippet:-1, max-image-preview:large, max-video-preview:-1\" \/>\n<link rel=\"canonical\" href=\"https:\/\/kazoja.si\/pl\/pomoc-na-domu\/\" \/>\n<meta property=\"og:locale\" content=\"pl_PL\" \/>\n<meta property=\"og:type\" content=\"article\" \/>\n<meta property=\"og:title\" content=\"Pomo\u010d na domu | Kazoja\" \/>\n<meta property=\"og:url\" content=\"https:\/\/kazoja.si\/pl\/pomoc-na-domu\/\" \/>\n<meta property=\"og:site_name\" content=\"Kazoja\" \/>\n<meta property=\"article:modified_time\" content=\"2020-08-31T09:59:31+00:00\" \/>\n<meta name=\"twitter:card\" content=\"summary_large_image\" \/>\n<meta name=\"twitter:label1\" content=\"Szacowany czas czytania\" \/>\n\t<meta name=\"twitter:data1\" content=\"2 minuty\" \/>\n<script type=\"application\/ld+json\" class=\"yoast-schema-graph\">{\"@context\":\"https:\/\/schema.org\",\"@graph\":[{\"@type\":\"WebPage\",\"@id\":\"https:\/\/kazoja.si\/pomoc-na-domu\/\",\"url\":\"https:\/\/kazoja.si\/pomoc-na-domu\/\",\"name\":\"Pomo\u010d na domu | Kazoja\",\"isPartOf\":{\"@id\":\"https:\/\/kazoja.si\/#website\"},\"datePublished\":\"2020-08-31T04:52:17+00:00\",\"dateModified\":\"2020-08-31T09:59:31+00:00\",\"breadcrumb\":{\"@id\":\"https:\/\/kazoja.si\/pomoc-na-domu\/#breadcrumb\"},\"inLanguage\":\"pl-PL\",\"potentialAction\":[{\"@type\":\"ReadAction\",\"target\":[\"https:\/\/kazoja.si\/pomoc-na-domu\/\"]}]},{\"@type\":\"BreadcrumbList\",\"@id\":\"https:\/\/kazoja.si\/pomoc-na-domu\/#breadcrumb\",\"itemListElement\":[{\"@type\":\"ListItem\",\"position\":1,\"name\":\"Home\",\"item\":\"https:\/\/kazoja.si\/\"},{\"@type\":\"ListItem\",\"position\":2,\"name\":\"Pomo\u010d na domu\"}]},{\"@type\":\"WebSite\",\"@id\":\"https:\/\/kazoja.si\/#website\",\"url\":\"https:\/\/kazoja.si\/\",\"name\":\"Kazoja\",\"description\":\"Izdelava vertikalnih programskih re\u0161itev\",\"publisher\":{\"@id\":\"https:\/\/kazoja.si\/#organization\"},\"alternateName\":\"Izdelava vertikalnih programskih re\u0161itev\",\"potentialAction\":[{\"@type\":\"SearchAction\",\"target\":{\"@type\":\"EntryPoint\",\"urlTemplate\":\"https:\/\/kazoja.si\/?s={search_term_string}\"},\"query-input\":{\"@type\":\"PropertyValueSpecification\",\"valueRequired\":true,\"valueName\":\"search_term_string\"}}],\"inLanguage\":\"pl-PL\"},{\"@type\":\"Organization\",\"@id\":\"https:\/\/kazoja.si\/#organization\",\"name\":\"Kazoja\",\"url\":\"https:\/\/kazoja.si\/\",\"logo\":{\"@type\":\"ImageObject\",\"inLanguage\":\"pl-PL\",\"@id\":\"https:\/\/kazoja.si\/#\/schema\/logo\/image\/\",\"url\":\"https:\/\/kazoja.si\/wp-content\/uploads\/2021\/03\/Kazoja-Logo-Colour-Png.png\",\"contentUrl\":\"https:\/\/kazoja.si\/wp-content\/uploads\/2021\/03\/Kazoja-Logo-Colour-Png.png\",\"width\":1204,\"height\":283,\"caption\":\"Kazoja\"},\"image\":{\"@id\":\"https:\/\/kazoja.si\/#\/schema\/logo\/image\/\"}}]}<\/script>\n<!-- \/ Yoast SEO plugin. -->","yoast_head_json":{"title":"Pomo\u010d na domu | Kazoja","robots":{"index":"index","follow":"follow","max-snippet":"max-snippet:-1","max-image-preview":"max-image-preview:large","max-video-preview":"max-video-preview:-1"},"canonical":"https:\/\/kazoja.si\/pl\/pomoc-na-domu\/","og_locale":"pl_PL","og_type":"article","og_title":"Pomo\u010d na domu | Kazoja","og_url":"https:\/\/kazoja.si\/pl\/pomoc-na-domu\/","og_site_name":"Kazoja","article_modified_time":"2020-08-31T09:59:31+00:00","twitter_card":"summary_large_image","twitter_misc":{"Szacowany czas czytania":"2 minuty"},"schema":{"@context":"https:\/\/schema.org","@graph":[{"@type":"WebPage","@id":"https:\/\/kazoja.si\/pomoc-na-domu\/","url":"https:\/\/kazoja.si\/pomoc-na-domu\/","name":"Pomo\u010d na domu | Kazoja","isPartOf":{"@id":"https:\/\/kazoja.si\/#website"},"datePublished":"2020-08-31T04:52:17+00:00","dateModified":"2020-08-31T09:59:31+00:00","breadcrumb":{"@id":"https:\/\/kazoja.si\/pomoc-na-domu\/#breadcrumb"},"inLanguage":"pl-PL","potentialAction":[{"@type":"ReadAction","target":["https:\/\/kazoja.si\/pomoc-na-domu\/"]}]},{"@type":"BreadcrumbList","@id":"https:\/\/kazoja.si\/pomoc-na-domu\/#breadcrumb","itemListElement":[{"@type":"ListItem","position":1,"name":"Home","item":"https:\/\/kazoja.si\/"},{"@type":"ListItem","position":2,"name":"Pomo\u010d na domu"}]},{"@type":"WebSite","@id":"https:\/\/kazoja.si\/#website","url":"https:\/\/kazoja.si\/","name":"Kazoja","description":"Tworzenie pionowych rozwi\u0105za\u0144 programowych","publisher":{"@id":"https:\/\/kazoja.si\/#organization"},"alternateName":"Izdelava vertikalnih programskih re\u0161itev","potentialAction":[{"@type":"SearchAction","target":{"@type":"EntryPoint","urlTemplate":"https:\/\/kazoja.si\/?s={search_term_string}"},"query-input":{"@type":"PropertyValueSpecification","valueRequired":true,"valueName":"search_term_string"}}],"inLanguage":"pl-PL"},{"@type":"Organization","@id":"https:\/\/kazoja.si\/#organization","name":"Kazoja","url":"https:\/\/kazoja.si\/","logo":{"@type":"ImageObject","inLanguage":"pl-PL","@id":"https:\/\/kazoja.si\/#\/schema\/logo\/image\/","url":"https:\/\/kazoja.si\/wp-content\/uploads\/2021\/03\/Kazoja-Logo-Colour-Png.png","contentUrl":"https:\/\/kazoja.si\/wp-content\/uploads\/2021\/03\/Kazoja-Logo-Colour-Png.png","width":1204,"height":283,"caption":"Kazoja"},"image":{"@id":"https:\/\/kazoja.si\/#\/schema\/logo\/image\/"}}]}},"_links":{"self":[{"href":"https:\/\/kazoja.si\/pl\/wp-json\/wp\/v2\/pages\/3032","targetHints":{"allow":["GET"]}}],"collection":[{"href":"https:\/\/kazoja.si\/pl\/wp-json\/wp\/v2\/pages"}],"about":[{"href":"https:\/\/kazoja.si\/pl\/wp-json\/wp\/v2\/types\/page"}],"author":[{"embeddable":true,"href":"https:\/\/kazoja.si\/pl\/wp-json\/wp\/v2\/users\/1"}],"replies":[{"embeddable":true,"href":"https:\/\/kazoja.si\/pl\/wp-json\/wp\/v2\/comments?post=3032"}],"version-history":[{"count":3,"href":"https:\/\/kazoja.si\/pl\/wp-json\/wp\/v2\/pages\/3032\/revisions"}],"predecessor-version":[{"id":3054,"href":"https:\/\/kazoja.si\/pl\/wp-json\/wp\/v2\/pages\/3032\/revisions\/3054"}],"wp:attachment":[{"href":"https:\/\/kazoja.si\/pl\/wp-json\/wp\/v2\/media?parent=3032"}],"curies":[{"name":"wp","href":"https:\/\/api.w.org\/{rel}","templated":true}]}}