{"id":3124,"date":"2021-07-19T14:45:03","date_gmt":"2021-07-19T14:45:03","guid":{"rendered":"https:\/\/kazoja.si\/?page_id=3124"},"modified":"2021-08-24T10:07:05","modified_gmt":"2021-08-24T10:07:05","slug":"demo-dostop","status":"publish","type":"page","link":"https:\/\/kazoja.si\/pl\/demo-dostop\/","title":{"rendered":"Demo dostop"},"content":{"rendered":"<div class=\"wpb-content-wrapper\"><div class=\"vc_row wpb_row vc_row-fluid\"><div class=\"wpb_column vc_column_container vc_col-sm-12\"><div class=\"vc_column-inner\"><div class=\"wpb_wrapper\">\n\t<div class=\"wpb_text_column wpb_content_element\" >\n\t\t<div class=\"wpb_wrapper\">\n\t\t\t<div class=\"vc_row wpb_row vc_row-fluid\"><\/div><div class=\"wpb_column vc_column_container vc_col-sm-12\"><div class=\"vc_column-inner\"><div class=\"wpb_wrapper\"><\/div><\/div><\/div>\n\t<div class=\"wpb_text_column wpb_content_element\" >\n\t\t<div class=\"wpb_wrapper\">\n\t\t\t\n\t\t<\/div>\n\t<\/div>\n<p style=\"text-align: center;\"><strong>Si \u017eelite brezpla\u010dni preizkus? Le korak vas lo\u010di do demo dostopa. Spodaj navedite kontaktne podatke in na\u0161i sodelavci vas bodo kontaktirali za demo dostop.<\/strong><\/p>\n\n\t\t<\/div>\n\t<\/div>\n<\/div><\/div><\/div><\/div>\n<div class=\"wpcf7 no-js\" id=\"wpcf7-f3197-o1\" lang=\"en-US\" dir=\"ltr\" data-wpcf7-id=\"3197\">\n<div class=\"screen-reader-response\"><p role=\"status\" aria-live=\"polite\" aria-atomic=\"true\"><\/p> <ul><\/ul><\/div>\n<form action=\"\/pl\/wp-json\/wp\/v2\/pages\/3124#wpcf7-f3197-o1\" method=\"post\" class=\"wpcf7-form init\" aria-label=\"Contact form\" novalidate=\"novalidate\" data-status=\"init\" data-trp-original-action=\"\/pl\/wp-json\/wp\/v2\/pages\/3124#wpcf7-f3197-o1\">\n<fieldset class=\"hidden-fields-container\"><input type=\"hidden\" name=\"_wpcf7\" value=\"3197\" \/><input type=\"hidden\" name=\"_wpcf7_version\" value=\"6.1.5\" \/><input type=\"hidden\" name=\"_wpcf7_locale\" value=\"en_US\" \/><input type=\"hidden\" name=\"_wpcf7_unit_tag\" value=\"wpcf7-f3197-o1\" \/><input type=\"hidden\" name=\"_wpcf7_container_post\" value=\"0\" \/><input type=\"hidden\" name=\"_wpcf7_posted_data_hash\" value=\"\" \/><input type=\"hidden\" name=\"_wpcf7_recaptcha_response\" value=\"\" \/>\n<\/fieldset>\n<p><label> Ime<br \/>\n<span class=\"wpcf7-form-control-wrap\" data-name=\"your-name\"><input size=\"40\" maxlength=\"400\" class=\"wpcf7-form-control wpcf7-text wpcf7-validates-as-required\" aria-required=\"true\" aria-invalid=\"false\" value=\"\" type=\"text\" name=\"your-name\" \/><\/span> <\/label>\n<\/p>\n<p><label> E-po\u0161ta<br \/>\n<span class=\"wpcf7-form-control-wrap\" data-name=\"your-email\"><input size=\"40\" maxlength=\"400\" class=\"wpcf7-form-control wpcf7-email wpcf7-validates-as-required wpcf7-text wpcf7-validates-as-email\" aria-required=\"true\" aria-invalid=\"false\" value=\"\" type=\"email\" name=\"your-email\" \/><\/span> <\/label>\n<\/p>\n<p><label> Telefon<br \/>\n<span class=\"wpcf7-form-control-wrap\" data-name=\"your-phone\"><input size=\"40\" maxlength=\"400\" class=\"wpcf7-form-control wpcf7-text\" aria-invalid=\"false\" value=\"\" type=\"text\" name=\"your-phone\" \/><\/span> <\/label>\n<\/p>\n<p><label> Podjetje<br \/>\n<span class=\"wpcf7-form-control-wrap\" data-name=\"your-company\"><input size=\"40\" maxlength=\"400\" class=\"wpcf7-form-control wpcf7-text\" aria-invalid=\"false\" value=\"\" type=\"text\" name=\"your-company\" \/><\/span> <\/label>\n<\/p>\n<p><label> Va\u0161e sporo\u010dilo<br \/>\n<span class=\"wpcf7-form-control-wrap\" data-name=\"your-message\"><textarea cols=\"40\" rows=\"10\" maxlength=\"2000\" class=\"wpcf7-form-control wpcf7-textarea wpcf7-validates-as-required\" aria-required=\"true\" aria-invalid=\"false\" name=\"your-message\"><\/textarea><\/span> <\/label>\n<\/p>\n<p><input class=\"wpcf7-form-control wpcf7-submit has-spinner\" type=\"submit\" value=\"Po\u0161lji\" \/>\n<\/p><div class=\"wpcf7-response-output\" aria-hidden=\"true\"><\/div>\n<input type=\"hidden\" name=\"trp-form-language\" value=\"pl\"\/><\/form>\n<\/div>\n<\/div>","protected":false},"excerpt":{"rendered":"<p>Si \u017eelite brezpla\u010dni preizkus? Le korak vas lo\u010di do demo dostopa. Spodaj navedite kontaktne podatke in na\u0161i sodelavci vas bodo kontaktirali za demo dostop. Ime E-po\u0161ta Telefon Podjetje Va\u0161e sporo\u010dilo<\/p>","protected":false},"author":1,"featured_media":0,"parent":0,"menu_order":0,"comment_status":"closed","ping_status":"closed","template":"","meta":{"footnotes":""},"class_list":["post-3124","page","type-page","status-publish","hentry","description-off"],"yoast_head":"<!-- This site is optimized with the Yoast SEO plugin v27.1.1 - https:\/\/yoast.com\/product\/yoast-seo-wordpress\/ -->\n<title>Demo dostop | Kazoja<\/title>\n<meta name=\"robots\" content=\"index, follow, max-snippet:-1, max-image-preview:large, max-video-preview:-1\" \/>\n<link rel=\"canonical\" href=\"https:\/\/kazoja.si\/pl\/demo-dostop\/\" \/>\n<meta property=\"og:locale\" content=\"pl_PL\" \/>\n<meta property=\"og:type\" content=\"article\" \/>\n<meta property=\"og:title\" content=\"Demo dostop | Kazoja\" \/>\n<meta property=\"og:url\" content=\"https:\/\/kazoja.si\/pl\/demo-dostop\/\" \/>\n<meta property=\"og:site_name\" content=\"Kazoja\" \/>\n<meta property=\"article:modified_time\" content=\"2021-08-24T10:07:05+00:00\" \/>\n<meta name=\"twitter:card\" content=\"summary_large_image\" \/>\n<meta name=\"twitter:label1\" content=\"Szacowany czas czytania\" \/>\n\t<meta name=\"twitter:data1\" content=\"1 minuta\" \/>\n<script type=\"application\/ld+json\" class=\"yoast-schema-graph\">{\"@context\":\"https:\/\/schema.org\",\"@graph\":[{\"@type\":\"WebPage\",\"@id\":\"https:\/\/kazoja.si\/demo-dostop\/\",\"url\":\"https:\/\/kazoja.si\/demo-dostop\/\",\"name\":\"Demo dostop | Kazoja\",\"isPartOf\":{\"@id\":\"https:\/\/kazoja.si\/#website\"},\"datePublished\":\"2021-07-19T14:45:03+00:00\",\"dateModified\":\"2021-08-24T10:07:05+00:00\",\"breadcrumb\":{\"@id\":\"https:\/\/kazoja.si\/demo-dostop\/#breadcrumb\"},\"inLanguage\":\"pl-PL\",\"potentialAction\":[{\"@type\":\"ReadAction\",\"target\":[\"https:\/\/kazoja.si\/demo-dostop\/\"]}]},{\"@type\":\"BreadcrumbList\",\"@id\":\"https:\/\/kazoja.si\/demo-dostop\/#breadcrumb\",\"itemListElement\":[{\"@type\":\"ListItem\",\"position\":1,\"name\":\"Home\",\"item\":\"https:\/\/kazoja.si\/\"},{\"@type\":\"ListItem\",\"position\":2,\"name\":\"Demo dostop\"}]},{\"@type\":\"WebSite\",\"@id\":\"https:\/\/kazoja.si\/#website\",\"url\":\"https:\/\/kazoja.si\/\",\"name\":\"Kazoja\",\"description\":\"Izdelava vertikalnih programskih re\u0161itev\",\"publisher\":{\"@id\":\"https:\/\/kazoja.si\/#organization\"},\"alternateName\":\"Izdelava vertikalnih programskih re\u0161itev\",\"potentialAction\":[{\"@type\":\"SearchAction\",\"target\":{\"@type\":\"EntryPoint\",\"urlTemplate\":\"https:\/\/kazoja.si\/?s={search_term_string}\"},\"query-input\":{\"@type\":\"PropertyValueSpecification\",\"valueRequired\":true,\"valueName\":\"search_term_string\"}}],\"inLanguage\":\"pl-PL\"},{\"@type\":\"Organization\",\"@id\":\"https:\/\/kazoja.si\/#organization\",\"name\":\"Kazoja\",\"url\":\"https:\/\/kazoja.si\/\",\"logo\":{\"@type\":\"ImageObject\",\"inLanguage\":\"pl-PL\",\"@id\":\"https:\/\/kazoja.si\/#\/schema\/logo\/image\/\",\"url\":\"https:\/\/kazoja.si\/wp-content\/uploads\/2021\/03\/Kazoja-Logo-Colour-Png.png\",\"contentUrl\":\"https:\/\/kazoja.si\/wp-content\/uploads\/2021\/03\/Kazoja-Logo-Colour-Png.png\",\"width\":1204,\"height\":283,\"caption\":\"Kazoja\"},\"image\":{\"@id\":\"https:\/\/kazoja.si\/#\/schema\/logo\/image\/\"}}]}<\/script>\n<!-- \/ Yoast SEO plugin. -->","yoast_head_json":{"title":"Demo dostop | Kazoja","robots":{"index":"index","follow":"follow","max-snippet":"max-snippet:-1","max-image-preview":"max-image-preview:large","max-video-preview":"max-video-preview:-1"},"canonical":"https:\/\/kazoja.si\/pl\/demo-dostop\/","og_locale":"pl_PL","og_type":"article","og_title":"Demo dostop | Kazoja","og_url":"https:\/\/kazoja.si\/pl\/demo-dostop\/","og_site_name":"Kazoja","article_modified_time":"2021-08-24T10:07:05+00:00","twitter_card":"summary_large_image","twitter_misc":{"Szacowany czas czytania":"1 minuta"},"schema":{"@context":"https:\/\/schema.org","@graph":[{"@type":"WebPage","@id":"https:\/\/kazoja.si\/demo-dostop\/","url":"https:\/\/kazoja.si\/demo-dostop\/","name":"Demo dostop | Kazoja","isPartOf":{"@id":"https:\/\/kazoja.si\/#website"},"datePublished":"2021-07-19T14:45:03+00:00","dateModified":"2021-08-24T10:07:05+00:00","breadcrumb":{"@id":"https:\/\/kazoja.si\/demo-dostop\/#breadcrumb"},"inLanguage":"pl-PL","potentialAction":[{"@type":"ReadAction","target":["https:\/\/kazoja.si\/demo-dostop\/"]}]},{"@type":"BreadcrumbList","@id":"https:\/\/kazoja.si\/demo-dostop\/#breadcrumb","itemListElement":[{"@type":"ListItem","position":1,"name":"Home","item":"https:\/\/kazoja.si\/"},{"@type":"ListItem","position":2,"name":"Demo dostop"}]},{"@type":"WebSite","@id":"https:\/\/kazoja.si\/#website","url":"https:\/\/kazoja.si\/","name":"Kazoja","description":"Tworzenie pionowych rozwi\u0105za\u0144 programowych","publisher":{"@id":"https:\/\/kazoja.si\/#organization"},"alternateName":"Izdelava vertikalnih programskih re\u0161itev","potentialAction":[{"@type":"SearchAction","target":{"@type":"EntryPoint","urlTemplate":"https:\/\/kazoja.si\/?s={search_term_string}"},"query-input":{"@type":"PropertyValueSpecification","valueRequired":true,"valueName":"search_term_string"}}],"inLanguage":"pl-PL"},{"@type":"Organization","@id":"https:\/\/kazoja.si\/#organization","name":"Kazoja","url":"https:\/\/kazoja.si\/","logo":{"@type":"ImageObject","inLanguage":"pl-PL","@id":"https:\/\/kazoja.si\/#\/schema\/logo\/image\/","url":"https:\/\/kazoja.si\/wp-content\/uploads\/2021\/03\/Kazoja-Logo-Colour-Png.png","contentUrl":"https:\/\/kazoja.si\/wp-content\/uploads\/2021\/03\/Kazoja-Logo-Colour-Png.png","width":1204,"height":283,"caption":"Kazoja"},"image":{"@id":"https:\/\/kazoja.si\/#\/schema\/logo\/image\/"}}]}},"_links":{"self":[{"href":"https:\/\/kazoja.si\/pl\/wp-json\/wp\/v2\/pages\/3124","targetHints":{"allow":["GET"]}}],"collection":[{"href":"https:\/\/kazoja.si\/pl\/wp-json\/wp\/v2\/pages"}],"about":[{"href":"https:\/\/kazoja.si\/pl\/wp-json\/wp\/v2\/types\/page"}],"author":[{"embeddable":true,"href":"https:\/\/kazoja.si\/pl\/wp-json\/wp\/v2\/users\/1"}],"replies":[{"embeddable":true,"href":"https:\/\/kazoja.si\/pl\/wp-json\/wp\/v2\/comments?post=3124"}],"version-history":[{"count":7,"href":"https:\/\/kazoja.si\/pl\/wp-json\/wp\/v2\/pages\/3124\/revisions"}],"predecessor-version":[{"id":3198,"href":"https:\/\/kazoja.si\/pl\/wp-json\/wp\/v2\/pages\/3124\/revisions\/3198"}],"wp:attachment":[{"href":"https:\/\/kazoja.si\/pl\/wp-json\/wp\/v2\/media?parent=3124"}],"curies":[{"name":"wp","href":"https:\/\/api.w.org\/{rel}","templated":true}]}}